{"id":345,"date":"2019-05-19T01:45:41","date_gmt":"2019-05-18T23:45:41","guid":{"rendered":"http:\/\/aotools.weiermanns.de\/aotools\/?page_id=345"},"modified":"2019-05-19T01:45:42","modified_gmt":"2019-05-18T23:45:42","slug":"logout","status":"publish","type":"page","link":"https:\/\/aotools.weiermanns.de\/aotools\/logout\/","title":{"rendered":"Logout"},"content":{"rendered":"\n<p><a href=\"http:\/\/aotools.weiermanns.de\/logout.php\/\">Cookie l\u00f6schen und ausloggen.<\/a><\/p>\n<div class=\"sharedaddy sd-sharing-enabled\"><div class=\"robots-nocontent sd-block sd-social sd-social-icon sd-sharing\"><h3 class=\"sd-title\">Teilen mit:<\/h3><div class=\"sd-content\"><ul><li class=\"share-twitter\"><a rel=\"nofollow noopener noreferrer\" data-shared=\"sharing-twitter-345\" class=\"share-twitter sd-button share-icon no-text\" href=\"https:\/\/aotools.weiermanns.de\/aotools\/logout\/?share=twitter\" target=\"_blank\" title=\"Klick, um \u00fcber Twitter zu teilen\"><span><\/span><span class=\"sharing-screen-reader-text\">Klick, um \u00fcber Twitter zu teilen (Wird in neuem Fenster ge\u00f6ffnet)<\/span><\/a><\/li><li class=\"share-facebook\"><a rel=\"nofollow noopener noreferrer\" data-shared=\"sharing-facebook-345\" class=\"share-facebook sd-button share-icon no-text\" href=\"https:\/\/aotools.weiermanns.de\/aotools\/logout\/?share=facebook\" target=\"_blank\" title=\"Klick, um auf Facebook zu teilen\"><span><\/span><span class=\"sharing-screen-reader-text\">Klick, um auf Facebook zu teilen (Wird in neuem Fenster ge\u00f6ffnet)<\/span><\/a><\/li><li class=\"share-jetpack-whatsapp\"><a rel=\"nofollow noopener noreferrer\" data-shared=\"\" class=\"share-jetpack-whatsapp sd-button share-icon no-text\" href=\"https:\/\/aotools.weiermanns.de\/aotools\/logout\/?share=jetpack-whatsapp\" target=\"_blank\" title=\"Klicken, um auf WhatsApp zu teilen\"><span><\/span><span class=\"sharing-screen-reader-text\">Klicken, um auf WhatsApp zu teilen (Wird in neuem Fenster ge\u00f6ffnet)<\/span><\/a><\/li><li class=\"share-end\"><\/li><\/ul><\/div><\/div><\/div>","protected":false},"excerpt":{"rendered":"<p>Cookie l\u00f6schen und ausloggen.<\/p>\n<div class=\"sharedaddy sd-sharing-enabled\"><div class=\"robots-nocontent sd-block sd-social sd-social-icon sd-sharing\"><h3 class=\"sd-title\">Teilen mit:<\/h3><div class=\"sd-content\"><ul><li class=\"share-twitter\"><a rel=\"nofollow noopener noreferrer\" data-shared=\"sharing-twitter-345\" class=\"share-twitter sd-button share-icon no-text\" href=\"https:\/\/aotools.weiermanns.de\/aotools\/logout\/?share=twitter\" target=\"_blank\" title=\"Klick, um \u00fcber Twitter zu teilen\"><span><\/span><span class=\"sharing-screen-reader-text\">Klick, um \u00fcber Twitter zu teilen (Wird in neuem Fenster ge\u00f6ffnet)<\/span><\/a><\/li><li class=\"share-facebook\"><a rel=\"nofollow noopener noreferrer\" data-shared=\"sharing-facebook-345\" class=\"share-facebook sd-button share-icon no-text\" href=\"https:\/\/aotools.weiermanns.de\/aotools\/logout\/?share=facebook\" target=\"_blank\" title=\"Klick, um auf Facebook zu teilen\"><span><\/span><span class=\"sharing-screen-reader-text\">Klick, um auf Facebook zu teilen (Wird in neuem Fenster ge\u00f6ffnet)<\/span><\/a><\/li><li class=\"share-jetpack-whatsapp\"><a rel=\"nofollow noopener noreferrer\" data-shared=\"\" class=\"share-jetpack-whatsapp sd-button share-icon no-text\" href=\"https:\/\/aotools.weiermanns.de\/aotools\/logout\/?share=jetpack-whatsapp\" target=\"_blank\" title=\"Klicken, um auf WhatsApp zu teilen\"><span><\/span><span class=\"sharing-screen-reader-text\">Klicken, um auf WhatsApp zu teilen (Wird in neuem Fenster ge\u00f6ffnet)<\/span><\/a><\/li><li class=\"share-end\"><\/li><\/ul><\/div><\/div><\/div>","protected":false},"author":1,"featured_media":0,"parent":0,"menu_order":0,"comment_status":"closed","ping_status":"closed","template":"","meta":{"episode_type":"","audio_file":"","cover_image":"","cover_image_id":"","duration":"","filesize":"","date_recorded":"","explicit":"","block":"","filesize_raw":"","spay_email":""},"jetpack_sharing_enabled":true,"jetpack_shortlink":"https:\/\/wp.me\/PaNeai-5z","jetpack-related-posts":[{"id":3,"url":"https:\/\/aotools.weiermanns.de\/aotools\/datenschutzerklaerung\/","url_meta":{"origin":345,"position":0},"title":"Datenschutzerkl\u00e4rung","date":"10. M\u00e4rz 2019","format":false,"excerpt":"Diese Datenschutzerkl\u00e4rung kl\u00e4rt Sie \u00fcber die Art, den Umfang und Zweck der Verarbeitung von personenbezogenen Daten (nachfolgend kurz \u201eDaten\u201c) im Rahmen der Erbringung unserer Leistungen sowie innerhalb unseres Onlineangebotes und der mit ihm verbundenen Webseiten, Funktionen und Inhalte sowie externen Onlinepr\u00e4senzen, wie z.B. unser Social Media Profile auf (nachfolgend gemeinsam\u2026","rel":"","context":"\u00c4hnlicher Beitrag","img":{"alt_text":"","src":"","width":0,"height":0},"classes":[]}],"_links":{"self":[{"href":"https:\/\/aotools.weiermanns.de\/aotools\/wp-json\/wp\/v2\/pages\/345"}],"collection":[{"href":"https:\/\/aotools.weiermanns.de\/aotools\/wp-json\/wp\/v2\/pages"}],"about":[{"href":"https:\/\/aotools.weiermanns.de\/aotools\/wp-json\/wp\/v2\/types\/page"}],"author":[{"embeddable":true,"href":"https:\/\/aotools.weiermanns.de\/aotools\/wp-json\/wp\/v2\/users\/1"}],"replies":[{"embeddable":true,"href":"https:\/\/aotools.weiermanns.de\/aotools\/wp-json\/wp\/v2\/comments?post=345"}],"version-history":[{"count":1,"href":"https:\/\/aotools.weiermanns.de\/aotools\/wp-json\/wp\/v2\/pages\/345\/revisions"}],"predecessor-version":[{"id":346,"href":"https:\/\/aotools.weiermanns.de\/aotools\/wp-json\/wp\/v2\/pages\/345\/revisions\/346"}],"wp:attachment":[{"href":"https:\/\/aotools.weiermanns.de\/aotools\/wp-json\/wp\/v2\/media?parent=345"}],"curies":[{"name":"wp","href":"https:\/\/api.w.org\/{rel}","templated":true}]}}