{"id":29,"date":"2019-03-10T21:15:24","date_gmt":"2019-03-10T20:15:24","guid":{"rendered":"http:\/\/aotools.weiermanns.de\/aotools\/?page_id=29"},"modified":"2022-05-24T17:15:54","modified_gmt":"2022-05-24T15:15:54","slug":"login","status":"publish","type":"page","link":"https:\/\/aotools.weiermanns.de\/aotools\/login\/","title":{"rendered":"Login"},"content":{"rendered":"\n<form action=\"https:\/\/aotools.weiermanns.de\/login.php\" method=\"post\">\n\n  <div class=\"container\">\n    <label for=\"User_Name\"><b>Username<\/b><\/label>\n    <input type=\"text\" placeholder=\"Enter Username\" name=\"User_Name\" required=\"\">\n\n    <label for=\"psw\"><b>Password<\/b><\/label>\n    <input type=\"password\" placeholder=\"Enter Password\" name=\"User_PW\" required=\"\">\n    <br>\n    <button type=\"submit\">Login<\/button>\n  <\/div>\n\n  <div class=\"container\" style=\"background-color:#f1f1f1\">\n    <button type=\"button\" class=\"cancelbtn\">Cancel<\/button>\n  <\/div>\n<\/form>\n\n\n\n<p>Wenn du noch nicht registriert bist, kein Problem. F\u00fclle kurz ein paar Infos aus und du bist dabei und kannst loslegen.<\/p>\n\n\n\n<form action=\"https:\/\/aotools.weiermanns.de\/aotools\/register\/\" method=\"post\">\n  <table width=\"299\" border=\"1\" align=\"center\"> \n    <tbody><tr>\n      <td>UserName<\/td>\n      <td><input name=\"User_Name\" type=\"text\" id=\"User_Name\"><\/td>\n    <\/tr>\n    <tr>\n      <td><label>Passwort<\/label><\/td>\n      <td><input name=\"User_PW\" type=\"password\" id=\"User_PW\"><\/td>\n    <\/tr>\n    <tr>\n      <td><label>Email<\/label><\/td>\n      <td><input name=\"User_Email\" type=\"text\" id=\"User_Email\"><\/td>\n    <\/tr>\n    <tr>\n      <td>Verein<\/td>\n      <td><input name=\"User_Verein\" type=\"text\" id=\"User_Verein\"><\/td>\n    <\/tr>\n<tr>\n      <td><label>Land<\/label><\/td>\n      <td><input name=\"User_Land\" type=\"text\" id=\"User_Land\"><\/td>\n    <\/tr>\n    <tr><td>\n    <button id=\"Submit\"> \n<img src=\"https:\/\/i0.wp.com\/aotools.weiermanns.de\/aotools\/wp-content\/uploads\/2019\/05\/sign-up-1603150_640-e1558037030638.png?w=640\" alt=\"\" data-recalc-dims=\"1\">\n<\/button>\n  <\/td><td><\/td><\/tr><\/tbody><\/table><\/form>\n<div class=\"sharedaddy sd-sharing-enabled\"><div class=\"robots-nocontent sd-block sd-social sd-social-icon sd-sharing\"><h3 class=\"sd-title\">Teilen mit:<\/h3><div class=\"sd-content\"><ul><li class=\"share-twitter\"><a rel=\"nofollow noopener noreferrer\" data-shared=\"sharing-twitter-29\" class=\"share-twitter sd-button share-icon no-text\" href=\"https:\/\/aotools.weiermanns.de\/aotools\/login\/?share=twitter\" target=\"_blank\" title=\"Klick, um \u00fcber Twitter zu teilen\"><span><\/span><span class=\"sharing-screen-reader-text\">Klick, um \u00fcber Twitter zu teilen (Wird in neuem Fenster ge\u00f6ffnet)<\/span><\/a><\/li><li class=\"share-facebook\"><a rel=\"nofollow noopener noreferrer\" data-shared=\"sharing-facebook-29\" class=\"share-facebook sd-button share-icon no-text\" href=\"https:\/\/aotools.weiermanns.de\/aotools\/login\/?share=facebook\" target=\"_blank\" title=\"Klick, um auf Facebook zu teilen\"><span><\/span><span class=\"sharing-screen-reader-text\">Klick, um auf Facebook zu teilen (Wird in neuem Fenster ge\u00f6ffnet)<\/span><\/a><\/li><li class=\"share-jetpack-whatsapp\"><a rel=\"nofollow noopener noreferrer\" data-shared=\"\" class=\"share-jetpack-whatsapp sd-button share-icon no-text\" href=\"https:\/\/aotools.weiermanns.de\/aotools\/login\/?share=jetpack-whatsapp\" target=\"_blank\" title=\"Klicken, um auf WhatsApp zu teilen\"><span><\/span><span class=\"sharing-screen-reader-text\">Klicken, um auf WhatsApp zu teilen (Wird in neuem Fenster ge\u00f6ffnet)<\/span><\/a><\/li><li class=\"share-end\"><\/li><\/ul><\/div><\/div><\/div>","protected":false},"excerpt":{"rendered":"<p>Username Password Login Cancel Wenn du noch nicht registriert bist, kein Problem. F\u00fclle kurz ein paar Infos aus und du bist dabei und kannst loslegen. UserName Passwort Email Verein Land<\/p>\n<div class=\"sharedaddy sd-sharing-enabled\"><div class=\"robots-nocontent sd-block sd-social sd-social-icon sd-sharing\"><h3 class=\"sd-title\">Teilen mit:<\/h3><div class=\"sd-content\"><ul><li class=\"share-twitter\"><a rel=\"nofollow noopener noreferrer\" data-shared=\"sharing-twitter-29\" class=\"share-twitter sd-button share-icon no-text\" href=\"https:\/\/aotools.weiermanns.de\/aotools\/login\/?share=twitter\" target=\"_blank\" title=\"Klick, um \u00fcber Twitter zu teilen\"><span><\/span><span class=\"sharing-screen-reader-text\">Klick, um \u00fcber Twitter zu teilen (Wird in neuem Fenster ge\u00f6ffnet)<\/span><\/a><\/li><li class=\"share-facebook\"><a rel=\"nofollow noopener noreferrer\" data-shared=\"sharing-facebook-29\" class=\"share-facebook sd-button share-icon no-text\" href=\"https:\/\/aotools.weiermanns.de\/aotools\/login\/?share=facebook\" target=\"_blank\" title=\"Klick, um auf Facebook zu teilen\"><span><\/span><span class=\"sharing-screen-reader-text\">Klick, um auf Facebook zu teilen (Wird in neuem Fenster ge\u00f6ffnet)<\/span><\/a><\/li><li class=\"share-jetpack-whatsapp\"><a rel=\"nofollow noopener noreferrer\" data-shared=\"\" class=\"share-jetpack-whatsapp sd-button share-icon no-text\" href=\"https:\/\/aotools.weiermanns.de\/aotools\/login\/?share=jetpack-whatsapp\" target=\"_blank\" title=\"Klicken, um auf WhatsApp zu teilen\"><span><\/span><span class=\"sharing-screen-reader-text\">Klicken, um auf WhatsApp zu teilen (Wird in neuem Fenster ge\u00f6ffnet)<\/span><\/a><\/li><li class=\"share-end\"><\/li><\/ul><\/div><\/div><\/div>","protected":false},"author":1,"featured_media":40,"parent":0,"menu_order":0,"comment_status":"closed","ping_status":"closed","template":"","meta":{"episode_type":"","audio_file":"","cover_image":"","cover_image_id":"","duration":"","filesize":"","date_recorded":"","explicit":"","block":"","filesize_raw":"","spay_email":""},"jetpack_sharing_enabled":true,"jetpack_shortlink":"https:\/\/wp.me\/PaNeai-t","jetpack-related-posts":[{"id":330,"url":"https:\/\/aotools.weiermanns.de\/aotools\/after-login\/","url_meta":{"origin":29,"position":0},"title":"After Login","date":"18. Mai 2019","format":false,"excerpt":"","rel":"","context":"\u00c4hnlicher Beitrag","img":{"alt_text":"","src":"","width":0,"height":0},"classes":[]},{"id":494,"url":"https:\/\/aotools.weiermanns.de\/aotools\/verein\/","url_meta":{"origin":29,"position":1},"title":"Verein","date":"16. Juni 2019","format":false,"excerpt":"Hier findet ihr in den Untermen\u00fcs alles zu eurem Verein. Um dieses Feature nutzen zu k\u00f6nnen, m\u00fcsst ihr euch allerdings registrieren oder wenn ihr bereits registriert seit, dann anmelden. Hier geht's direkt zum LogIn\/Registrierung.","rel":"","context":"\u00c4hnlicher Beitrag","img":{"alt_text":"","src":"","width":0,"height":0},"classes":[]},{"id":220,"url":"https:\/\/aotools.weiermanns.de\/aotools\/pw_vergessen\/","url_meta":{"origin":29,"position":2},"title":"Passwort vergessen","date":"16. Mai 2019","format":false,"excerpt":"[php_everywhere] An die eingetragene Emailadresse wird das Passwort versendet. Solltet Ihr diese vergessen haben hilft nur eine InGame Nachricht oder PN im Forum an Thomas Weiermann Email:","rel":"","context":"\u00c4hnlicher Beitrag","img":{"alt_text":"","src":"","width":0,"height":0},"classes":[]},{"id":3,"url":"https:\/\/aotools.weiermanns.de\/aotools\/datenschutzerklaerung\/","url_meta":{"origin":29,"position":3},"title":"Datenschutzerkl\u00e4rung","date":"10. M\u00e4rz 2019","format":false,"excerpt":"Diese Datenschutzerkl\u00e4rung kl\u00e4rt Sie \u00fcber die Art, den Umfang und Zweck der Verarbeitung von personenbezogenen Daten (nachfolgend kurz \u201eDaten\u201c) im Rahmen der Erbringung unserer Leistungen sowie innerhalb unseres Onlineangebotes und der mit ihm verbundenen Webseiten, Funktionen und Inhalte sowie externen Onlinepr\u00e4senzen, wie z.B. unser Social Media Profile auf (nachfolgend gemeinsam\u2026","rel":"","context":"\u00c4hnlicher Beitrag","img":{"alt_text":"","src":"","width":0,"height":0},"classes":[]},{"id":234,"url":"https:\/\/aotools.weiermanns.de\/aotools\/aaw\/","url_meta":{"origin":29,"position":4},"title":"AAW","date":"17. Mai 2019","format":false,"excerpt":"Mit den AOTools k\u00f6nnt ihr eure AAWs sehr gut verwalten und ihr k\u00f6nnt absch\u00e4tzen wann sich eure Spieler mit Aufwertungen belohnen werden. Daf\u00fcr m\u00fcssen einfach die AAWs eingetragen werden. Dies funktioniert sowohl f\u00fcr die Profis als auch f\u00fcr die Amateure. Anbei eine Beispiel Ansicht aus den AOTools: Daraus ist ersichtlich\u2026","rel":"","context":"\u00c4hnlicher Beitrag","img":{"alt_text":"","src":"https:\/\/i0.wp.com\/aotools.weiermanns.de\/aotools\/wp-content\/uploads\/2019\/06\/aaw_bsp1.gif?resize=350%2C200&ssl=1","width":350,"height":200},"classes":[]}],"_links":{"self":[{"href":"https:\/\/aotools.weiermanns.de\/aotools\/wp-json\/wp\/v2\/pages\/29"}],"collection":[{"href":"https:\/\/aotools.weiermanns.de\/aotools\/wp-json\/wp\/v2\/pages"}],"about":[{"href":"https:\/\/aotools.weiermanns.de\/aotools\/wp-json\/wp\/v2\/types\/page"}],"author":[{"embeddable":true,"href":"https:\/\/aotools.weiermanns.de\/aotools\/wp-json\/wp\/v2\/users\/1"}],"replies":[{"embeddable":true,"href":"https:\/\/aotools.weiermanns.de\/aotools\/wp-json\/wp\/v2\/comments?post=29"}],"version-history":[{"count":33,"href":"https:\/\/aotools.weiermanns.de\/aotools\/wp-json\/wp\/v2\/pages\/29\/revisions"}],"predecessor-version":[{"id":683,"href":"https:\/\/aotools.weiermanns.de\/aotools\/wp-json\/wp\/v2\/pages\/29\/revisions\/683"}],"wp:featuredmedia":[{"embeddable":true,"href":"https:\/\/aotools.weiermanns.de\/aotools\/wp-json\/wp\/v2\/media\/40"}],"wp:attachment":[{"href":"https:\/\/aotools.weiermanns.de\/aotools\/wp-json\/wp\/v2\/media?parent=29"}],"curies":[{"name":"wp","href":"https:\/\/api.w.org\/{rel}","templated":true}]}}