{"id":266,"date":"2019-05-17T00:36:20","date_gmt":"2019-05-16T22:36:20","guid":{"rendered":"http:\/\/aotools.weiermanns.de\/aotools\/?page_id=266"},"modified":"2022-05-16T15:52:39","modified_gmt":"2022-05-16T13:52:39","slug":"vereins-spielernoten","status":"publish","type":"page","link":"https:\/\/aotools.weiermanns.de\/aotools\/vereins-spielernoten\/","title":{"rendered":"Vereins Spielernoten"},"content":{"rendered":"<div class=\"sharedaddy sd-sharing-enabled\"><div class=\"robots-nocontent sd-block sd-social sd-social-icon sd-sharing\"><h3 class=\"sd-title\">Teilen mit:<\/h3><div class=\"sd-content\"><ul><li class=\"share-twitter\"><a rel=\"nofollow noopener noreferrer\" data-shared=\"sharing-twitter-266\" class=\"share-twitter sd-button share-icon no-text\" href=\"https:\/\/aotools.weiermanns.de\/aotools\/vereins-spielernoten\/?share=twitter\" target=\"_blank\" title=\"Klick, um \u00fcber Twitter zu teilen\"><span><\/span><span class=\"sharing-screen-reader-text\">Klick, um \u00fcber Twitter zu teilen (Wird in neuem Fenster ge\u00f6ffnet)<\/span><\/a><\/li><li class=\"share-facebook\"><a rel=\"nofollow noopener noreferrer\" data-shared=\"sharing-facebook-266\" class=\"share-facebook sd-button share-icon no-text\" href=\"https:\/\/aotools.weiermanns.de\/aotools\/vereins-spielernoten\/?share=facebook\" target=\"_blank\" title=\"Klick, um auf Facebook zu teilen\"><span><\/span><span class=\"sharing-screen-reader-text\">Klick, um auf Facebook zu teilen (Wird in neuem Fenster ge\u00f6ffnet)<\/span><\/a><\/li><li class=\"share-jetpack-whatsapp\"><a rel=\"nofollow noopener noreferrer\" data-shared=\"\" class=\"share-jetpack-whatsapp sd-button share-icon no-text\" href=\"https:\/\/aotools.weiermanns.de\/aotools\/vereins-spielernoten\/?share=jetpack-whatsapp\" target=\"_blank\" title=\"Klicken, um auf WhatsApp zu teilen\"><span><\/span><span class=\"sharing-screen-reader-text\">Klicken, um auf WhatsApp zu teilen (Wird in neuem Fenster ge\u00f6ffnet)<\/span><\/a><\/li><li class=\"share-end\"><\/li><\/ul><\/div><\/div><\/div>","protected":false},"excerpt":{"rendered":"<div class=\"sharedaddy sd-sharing-enabled\"><div class=\"robots-nocontent sd-block sd-social sd-social-icon sd-sharing\"><h3 class=\"sd-title\">Teilen mit:<\/h3><div class=\"sd-content\"><ul><li class=\"share-twitter\"><a rel=\"nofollow noopener noreferrer\" data-shared=\"sharing-twitter-266\" class=\"share-twitter sd-button share-icon no-text\" href=\"https:\/\/aotools.weiermanns.de\/aotools\/vereins-spielernoten\/?share=twitter\" target=\"_blank\" title=\"Klick, um \u00fcber Twitter zu teilen\"><span><\/span><span class=\"sharing-screen-reader-text\">Klick, um \u00fcber Twitter zu teilen (Wird in neuem Fenster ge\u00f6ffnet)<\/span><\/a><\/li><li class=\"share-facebook\"><a rel=\"nofollow noopener noreferrer\" data-shared=\"sharing-facebook-266\" class=\"share-facebook sd-button share-icon no-text\" href=\"https:\/\/aotools.weiermanns.de\/aotools\/vereins-spielernoten\/?share=facebook\" target=\"_blank\" title=\"Klick, um auf Facebook zu teilen\"><span><\/span><span class=\"sharing-screen-reader-text\">Klick, um auf Facebook zu teilen (Wird in neuem Fenster ge\u00f6ffnet)<\/span><\/a><\/li><li class=\"share-jetpack-whatsapp\"><a rel=\"nofollow noopener noreferrer\" data-shared=\"\" class=\"share-jetpack-whatsapp sd-button share-icon no-text\" href=\"https:\/\/aotools.weiermanns.de\/aotools\/vereins-spielernoten\/?share=jetpack-whatsapp\" target=\"_blank\" title=\"Klicken, um auf WhatsApp zu teilen\"><span><\/span><span class=\"sharing-screen-reader-text\">Klicken, um auf WhatsApp zu teilen (Wird in neuem Fenster ge\u00f6ffnet)<\/span><\/a><\/li><li class=\"share-end\"><\/li><\/ul><\/div><\/div><\/div>","protected":false},"author":1,"featured_media":0,"parent":0,"menu_order":0,"comment_status":"closed","ping_status":"closed","template":"","meta":{"episode_type":"","audio_file":"","cover_image":"","cover_image_id":"","duration":"","filesize":"","date_recorded":"","explicit":"","block":"","filesize_raw":"","spay_email":""},"jetpack_sharing_enabled":true,"jetpack_shortlink":"https:\/\/wp.me\/PaNeai-4i","jetpack-related-posts":[{"id":232,"url":"https:\/\/aotools.weiermanns.de\/aotools\/finanzen\/","url_meta":{"origin":266,"position":0},"title":"Finanzen","date":"17. Mai 2019","format":false,"excerpt":"Ihr k\u00f6nnt indem ihr eure Bilanz aus Anstoss Online importiert einige Auswertungen anfertigen wie sich euer Verein finanziell entwickelt. Daraus kann abgeleitet werden wie viel Geld ihr mit eurem Umfeld macht und wie ggf. die optimalen Eintrittspreise aussehen. Weiterhin sind einige Grafiken vorhanden und eine dynamische Auswertung welches alles ein\u2026","rel":"","context":"\u00c4hnlicher Beitrag","img":{"alt_text":"","src":"https:\/\/i0.wp.com\/aotools.weiermanns.de\/aotools\/wp-content\/uploads\/2019\/05\/Finanz_Bsp2.gif?resize=350%2C200&ssl=1","width":350,"height":200},"classes":[]},{"id":494,"url":"https:\/\/aotools.weiermanns.de\/aotools\/verein\/","url_meta":{"origin":266,"position":1},"title":"Verein","date":"16. Juni 2019","format":false,"excerpt":"Hier findet ihr in den Untermen\u00fcs alles zu eurem Verein. Um dieses Feature nutzen zu k\u00f6nnen, m\u00fcsst ihr euch allerdings registrieren oder wenn ihr bereits registriert seit, dann anmelden. Hier geht's direkt zum LogIn\/Registrierung.","rel":"","context":"\u00c4hnlicher Beitrag","img":{"alt_text":"","src":"","width":0,"height":0},"classes":[]},{"id":396,"url":"https:\/\/aotools.weiermanns.de\/aotools\/vereinsstatistik\/","url_meta":{"origin":266,"position":2},"title":"Vereinsstatistik","date":"31. Mai 2019","format":false,"excerpt":"","rel":"","context":"\u00c4hnlicher Beitrag","img":{"alt_text":"","src":"","width":0,"height":0},"classes":[]},{"id":451,"url":"https:\/\/aotools.weiermanns.de\/aotools\/liga-spielernoten\/","url_meta":{"origin":266,"position":3},"title":"Liga &#8211; Spielernoten","date":"11. Juni 2019","format":false,"excerpt":"","rel":"","context":"\u00c4hnlicher Beitrag","img":{"alt_text":"","src":"","width":0,"height":0},"classes":[]},{"id":29,"url":"https:\/\/aotools.weiermanns.de\/aotools\/login\/","url_meta":{"origin":266,"position":4},"title":"Login","date":"10. M\u00e4rz 2019","format":false,"excerpt":"Username Password Login Cancel Wenn du noch nicht registriert bist, kein Problem. F\u00fclle kurz ein paar Infos aus und du bist dabei und kannst loslegen. UserName Passwort Email Verein Land","rel":"","context":"\u00c4hnlicher Beitrag","img":{"alt_text":"AOTool Login","src":"https:\/\/i0.wp.com\/aotools.weiermanns.de\/aotools\/wp-content\/uploads\/2019\/03\/login-570317_1920.jpg?fit=1100%2C720&ssl=1&resize=350%2C200","width":350,"height":200},"classes":[]},{"id":236,"url":"https:\/\/aotools.weiermanns.de\/aotools\/training\/","url_meta":{"origin":266,"position":5},"title":"Training","date":"17. Mai 2019","format":false,"excerpt":"Wenn du t\u00e4glich deine Trainingswerte auswerten m\u00f6chtest und wissen willst, was es auf Dauer bringt, dann trage einfach deine gesamten Trainingswerte deiner Feldspieler ein oder suche dir Spieler raus die du exakt beobachten m\u00f6chtest. Die Auswahl von Einzelspielern ist meiner Meinung nach Aussagef\u00e4higer in der Analyse. Anbei ein paar Screenshots\u2026","rel":"","context":"\u00c4hnlicher Beitrag","img":{"alt_text":"","src":"https:\/\/i0.wp.com\/aotools.weiermanns.de\/aotools\/wp-content\/uploads\/2019\/06\/train_bsp2.gif?resize=350%2C200&ssl=1","width":350,"height":200},"classes":[]}],"_links":{"self":[{"href":"https:\/\/aotools.weiermanns.de\/aotools\/wp-json\/wp\/v2\/pages\/266"}],"collection":[{"href":"https:\/\/aotools.weiermanns.de\/aotools\/wp-json\/wp\/v2\/pages"}],"about":[{"href":"https:\/\/aotools.weiermanns.de\/aotools\/wp-json\/wp\/v2\/types\/page"}],"author":[{"embeddable":true,"href":"https:\/\/aotools.weiermanns.de\/aotools\/wp-json\/wp\/v2\/users\/1"}],"replies":[{"embeddable":true,"href":"https:\/\/aotools.weiermanns.de\/aotools\/wp-json\/wp\/v2\/comments?post=266"}],"version-history":[{"count":3,"href":"https:\/\/aotools.weiermanns.de\/aotools\/wp-json\/wp\/v2\/pages\/266\/revisions"}],"predecessor-version":[{"id":677,"href":"https:\/\/aotools.weiermanns.de\/aotools\/wp-json\/wp\/v2\/pages\/266\/revisions\/677"}],"wp:attachment":[{"href":"https:\/\/aotools.weiermanns.de\/aotools\/wp-json\/wp\/v2\/media?parent=266"}],"curies":[{"name":"wp","href":"https:\/\/api.w.org\/{rel}","templated":true}]}}