{"id":256,"date":"2019-05-17T00:32:41","date_gmt":"2019-05-16T22:32:41","guid":{"rendered":"http:\/\/aotools.weiermanns.de\/aotools\/?page_id=256"},"modified":"2022-05-16T15:36:33","modified_gmt":"2022-05-16T13:36:33","slug":"aaw-jugend-amateure-eintragen","status":"publish","type":"page","link":"https:\/\/aotools.weiermanns.de\/aotools\/aaw-jugend-amateure-eintragen\/","title":{"rendered":"AAW &#8211; Jugend &#038; Amateure Eintragen"},"content":{"rendered":"<div class=\"sharedaddy sd-sharing-enabled\"><div class=\"robots-nocontent sd-block sd-social sd-social-icon sd-sharing\"><h3 class=\"sd-title\">Teilen mit:<\/h3><div class=\"sd-content\"><ul><li class=\"share-twitter\"><a rel=\"nofollow noopener noreferrer\" data-shared=\"sharing-twitter-256\" class=\"share-twitter sd-button share-icon no-text\" href=\"https:\/\/aotools.weiermanns.de\/aotools\/aaw-jugend-amateure-eintragen\/?share=twitter\" target=\"_blank\" title=\"Klick, um \u00fcber Twitter zu teilen\"><span><\/span><span class=\"sharing-screen-reader-text\">Klick, um \u00fcber Twitter zu teilen (Wird in neuem Fenster ge\u00f6ffnet)<\/span><\/a><\/li><li class=\"share-facebook\"><a rel=\"nofollow noopener noreferrer\" data-shared=\"sharing-facebook-256\" class=\"share-facebook sd-button share-icon no-text\" href=\"https:\/\/aotools.weiermanns.de\/aotools\/aaw-jugend-amateure-eintragen\/?share=facebook\" target=\"_blank\" title=\"Klick, um auf Facebook zu teilen\"><span><\/span><span class=\"sharing-screen-reader-text\">Klick, um auf Facebook zu teilen (Wird in neuem Fenster ge\u00f6ffnet)<\/span><\/a><\/li><li class=\"share-jetpack-whatsapp\"><a rel=\"nofollow noopener noreferrer\" data-shared=\"\" class=\"share-jetpack-whatsapp sd-button share-icon no-text\" href=\"https:\/\/aotools.weiermanns.de\/aotools\/aaw-jugend-amateure-eintragen\/?share=jetpack-whatsapp\" target=\"_blank\" title=\"Klicken, um auf WhatsApp zu teilen\"><span><\/span><span class=\"sharing-screen-reader-text\">Klicken, um auf WhatsApp zu teilen (Wird in neuem Fenster ge\u00f6ffnet)<\/span><\/a><\/li><li class=\"share-end\"><\/li><\/ul><\/div><\/div><\/div>","protected":false},"excerpt":{"rendered":"<div class=\"sharedaddy sd-sharing-enabled\"><div class=\"robots-nocontent sd-block sd-social sd-social-icon sd-sharing\"><h3 class=\"sd-title\">Teilen mit:<\/h3><div class=\"sd-content\"><ul><li class=\"share-twitter\"><a rel=\"nofollow noopener noreferrer\" data-shared=\"sharing-twitter-256\" class=\"share-twitter sd-button share-icon no-text\" href=\"https:\/\/aotools.weiermanns.de\/aotools\/aaw-jugend-amateure-eintragen\/?share=twitter\" target=\"_blank\" title=\"Klick, um \u00fcber Twitter zu teilen\"><span><\/span><span class=\"sharing-screen-reader-text\">Klick, um \u00fcber Twitter zu teilen (Wird in neuem Fenster ge\u00f6ffnet)<\/span><\/a><\/li><li class=\"share-facebook\"><a rel=\"nofollow noopener noreferrer\" data-shared=\"sharing-facebook-256\" class=\"share-facebook sd-button share-icon no-text\" href=\"https:\/\/aotools.weiermanns.de\/aotools\/aaw-jugend-amateure-eintragen\/?share=facebook\" target=\"_blank\" title=\"Klick, um auf Facebook zu teilen\"><span><\/span><span class=\"sharing-screen-reader-text\">Klick, um auf Facebook zu teilen (Wird in neuem Fenster ge\u00f6ffnet)<\/span><\/a><\/li><li class=\"share-jetpack-whatsapp\"><a rel=\"nofollow noopener noreferrer\" data-shared=\"\" class=\"share-jetpack-whatsapp sd-button share-icon no-text\" href=\"https:\/\/aotools.weiermanns.de\/aotools\/aaw-jugend-amateure-eintragen\/?share=jetpack-whatsapp\" target=\"_blank\" title=\"Klicken, um auf WhatsApp zu teilen\"><span><\/span><span class=\"sharing-screen-reader-text\">Klicken, um auf WhatsApp zu teilen (Wird in neuem Fenster ge\u00f6ffnet)<\/span><\/a><\/li><li class=\"share-end\"><\/li><\/ul><\/div><\/div><\/div>","protected":false},"author":1,"featured_media":0,"parent":0,"menu_order":0,"comment_status":"closed","ping_status":"closed","template":"","meta":{"episode_type":"","audio_file":"","cover_image":"","cover_image_id":"","duration":"","filesize":"","date_recorded":"","explicit":"","block":"","filesize_raw":"","spay_email":""},"jetpack_sharing_enabled":true,"jetpack_shortlink":"https:\/\/wp.me\/PaNeai-48","jetpack-related-posts":[{"id":234,"url":"https:\/\/aotools.weiermanns.de\/aotools\/aaw\/","url_meta":{"origin":256,"position":0},"title":"AAW","date":"17. Mai 2019","format":false,"excerpt":"Mit den AOTools k\u00f6nnt ihr eure AAWs sehr gut verwalten und ihr k\u00f6nnt absch\u00e4tzen wann sich eure Spieler mit Aufwertungen belohnen werden. Daf\u00fcr m\u00fcssen einfach die AAWs eingetragen werden. Dies funktioniert sowohl f\u00fcr die Profis als auch f\u00fcr die Amateure. Anbei eine Beispiel Ansicht aus den AOTools: Daraus ist ersichtlich\u2026","rel":"","context":"\u00c4hnlicher Beitrag","img":{"alt_text":"","src":"https:\/\/i0.wp.com\/aotools.weiermanns.de\/aotools\/wp-content\/uploads\/2019\/06\/aaw_bsp1.gif?resize=350%2C200&ssl=1","width":350,"height":200},"classes":[]},{"id":254,"url":"https:\/\/aotools.weiermanns.de\/aotools\/aaw-jugend-amateure\/","url_meta":{"origin":256,"position":1},"title":"AAW &#8211; Jugend &#038; Amateure","date":"17. Mai 2019","format":false,"excerpt":"","rel":"","context":"\u00c4hnlicher Beitrag","img":{"alt_text":"","src":"","width":0,"height":0},"classes":[]},{"id":252,"url":"https:\/\/aotools.weiermanns.de\/aotools\/aaw-profi-eintragen\/","url_meta":{"origin":256,"position":2},"title":"AAW &#8211; Profi Eintragen","date":"17. Mai 2019","format":false,"excerpt":"","rel":"","context":"\u00c4hnlicher Beitrag","img":{"alt_text":"","src":"","width":0,"height":0},"classes":[]},{"id":248,"url":"https:\/\/aotools.weiermanns.de\/aotools\/aaw-profi-overall\/","url_meta":{"origin":256,"position":3},"title":"AAW &#8211; Profi Overall","date":"17. Mai 2019","format":false,"excerpt":"","rel":"","context":"\u00c4hnlicher Beitrag","img":{"alt_text":"","src":"","width":0,"height":0},"classes":[]},{"id":417,"url":"https:\/\/aotools.weiermanns.de\/aotools\/aaw-profi-detail\/","url_meta":{"origin":256,"position":4},"title":"AAW &#8211; Profi Detail","date":"1. Juni 2019","format":false,"excerpt":"","rel":"","context":"\u00c4hnlicher Beitrag","img":{"alt_text":"","src":"","width":0,"height":0},"classes":[]},{"id":246,"url":"https:\/\/aotools.weiermanns.de\/aotools\/finanzen-eintragen\/","url_meta":{"origin":256,"position":5},"title":"Finanzen &#8211; Eintragen","date":"17. Mai 2019","format":false,"excerpt":"","rel":"","context":"\u00c4hnlicher Beitrag","img":{"alt_text":"","src":"","width":0,"height":0},"classes":[]}],"_links":{"self":[{"href":"https:\/\/aotools.weiermanns.de\/aotools\/wp-json\/wp\/v2\/pages\/256"}],"collection":[{"href":"https:\/\/aotools.weiermanns.de\/aotools\/wp-json\/wp\/v2\/pages"}],"about":[{"href":"https:\/\/aotools.weiermanns.de\/aotools\/wp-json\/wp\/v2\/types\/page"}],"author":[{"embeddable":true,"href":"https:\/\/aotools.weiermanns.de\/aotools\/wp-json\/wp\/v2\/users\/1"}],"replies":[{"embeddable":true,"href":"https:\/\/aotools.weiermanns.de\/aotools\/wp-json\/wp\/v2\/comments?post=256"}],"version-history":[{"count":4,"href":"https:\/\/aotools.weiermanns.de\/aotools\/wp-json\/wp\/v2\/pages\/256\/revisions"}],"predecessor-version":[{"id":661,"href":"https:\/\/aotools.weiermanns.de\/aotools\/wp-json\/wp\/v2\/pages\/256\/revisions\/661"}],"wp:attachment":[{"href":"https:\/\/aotools.weiermanns.de\/aotools\/wp-json\/wp\/v2\/media?parent=256"}],"curies":[{"name":"wp","href":"https:\/\/api.w.org\/{rel}","templated":true}]}}