{"id":236,"date":"2019-05-17T00:28:03","date_gmt":"2019-05-16T22:28:03","guid":{"rendered":"http:\/\/aotools.weiermanns.de\/aotools\/?page_id=236"},"modified":"2019-06-01T13:06:23","modified_gmt":"2019-06-01T11:06:23","slug":"training","status":"publish","type":"page","link":"https:\/\/aotools.weiermanns.de\/aotools\/training\/","title":{"rendered":"Training"},"content":{"rendered":"\n<p>Wenn du t\u00e4glich deine Trainingswerte auswerten m\u00f6chtest und wissen willst, was es auf Dauer bringt, dann trage einfach deine gesamten Trainingswerte deiner Feldspieler ein oder suche dir Spieler raus die du exakt beobachten m\u00f6chtest. Die Auswahl von Einzelspielern ist meiner Meinung nach Aussagef\u00e4higer in der Analyse.<\/p>\n\n\n\n<p>Anbei ein paar Screenshots wie eine Trainingsauswertung aussehen k\u00f6nnte:<\/p>\n\n\n\n<ul data-carousel-extra='{\"blog_id\":1,\"permalink\":\"https:\\\/\\\/aotools.weiermanns.de\\\/aotools\\\/training\\\/\"}' class=\"wp-block-gallery columns-2 is-cropped\"><li class=\"blocks-gallery-item\"><figure><img data-attachment-id=\"421\" data-permalink=\"https:\/\/aotools.weiermanns.de\/aotools\/training\/train_bsp2\/#main\" data-orig-file=\"https:\/\/i0.wp.com\/aotools.weiermanns.de\/aotools\/wp-content\/uploads\/2019\/06\/train_bsp2.gif?fit=1119%2C407&amp;ssl=1\" data-orig-size=\"1119,407\" data-comments-opened=\"0\" data-image-meta=\"{&quot;aperture&quot;:&quot;0&quot;,&quot;credit&quot;:&quot;&quot;,&quot;camera&quot;:&quot;&quot;,&quot;caption&quot;:&quot;&quot;,&quot;created_timestamp&quot;:&quot;0&quot;,&quot;copyright&quot;:&quot;&quot;,&quot;focal_length&quot;:&quot;0&quot;,&quot;iso&quot;:&quot;0&quot;,&quot;shutter_speed&quot;:&quot;0&quot;,&quot;title&quot;:&quot;&quot;,&quot;orientation&quot;:&quot;0&quot;}\" data-image-title=\"train_bsp2\" data-image-description=\"\" data-image-caption=\"\" data-medium-file=\"https:\/\/i0.wp.com\/aotools.weiermanns.de\/aotools\/wp-content\/uploads\/2019\/06\/train_bsp2.gif?fit=300%2C109&amp;ssl=1\" data-large-file=\"https:\/\/i0.wp.com\/aotools.weiermanns.de\/aotools\/wp-content\/uploads\/2019\/06\/train_bsp2.gif?fit=640%2C233&amp;ssl=1\" loading=\"lazy\" width=\"1119\" height=\"407\" src=\"https:\/\/i1.wp.com\/aotools.weiermanns.de\/aotools\/wp-content\/uploads\/2019\/06\/train_bsp2.gif?fit=1024%2C372\" alt=\"\" data-id=\"421\" data-link=\"http:\/\/aotools.weiermanns.de\/aotools\/training\/train_bsp2\/#main\" class=\"wp-image-421\"\/><\/figure><\/li><li class=\"blocks-gallery-item\"><figure><img data-attachment-id=\"422\" data-permalink=\"https:\/\/aotools.weiermanns.de\/aotools\/training\/train_bsp1\/#main\" data-orig-file=\"https:\/\/i0.wp.com\/aotools.weiermanns.de\/aotools\/wp-content\/uploads\/2019\/06\/train_bsp1.gif?fit=1049%2C459&amp;ssl=1\" data-orig-size=\"1049,459\" data-comments-opened=\"0\" data-image-meta=\"{&quot;aperture&quot;:&quot;0&quot;,&quot;credit&quot;:&quot;&quot;,&quot;camera&quot;:&quot;&quot;,&quot;caption&quot;:&quot;&quot;,&quot;created_timestamp&quot;:&quot;0&quot;,&quot;copyright&quot;:&quot;&quot;,&quot;focal_length&quot;:&quot;0&quot;,&quot;iso&quot;:&quot;0&quot;,&quot;shutter_speed&quot;:&quot;0&quot;,&quot;title&quot;:&quot;&quot;,&quot;orientation&quot;:&quot;0&quot;}\" data-image-title=\"train_bsp1\" data-image-description=\"\" data-image-caption=\"\" data-medium-file=\"https:\/\/i0.wp.com\/aotools.weiermanns.de\/aotools\/wp-content\/uploads\/2019\/06\/train_bsp1.gif?fit=300%2C131&amp;ssl=1\" data-large-file=\"https:\/\/i0.wp.com\/aotools.weiermanns.de\/aotools\/wp-content\/uploads\/2019\/06\/train_bsp1.gif?fit=640%2C280&amp;ssl=1\" loading=\"lazy\" width=\"1049\" height=\"459\" src=\"https:\/\/i1.wp.com\/aotools.weiermanns.de\/aotools\/wp-content\/uploads\/2019\/06\/train_bsp1.gif?fit=1024%2C448\" alt=\"\" data-id=\"422\" data-link=\"http:\/\/aotools.weiermanns.de\/aotools\/training\/train_bsp1\/#main\" class=\"wp-image-422\"\/><\/figure><\/li><\/ul>\n\n\n\n<p>Um die Werte zu korrekt zu markieren kannst du entweder in Anstoss-Online die Gesamtwerte aus dem Bereich Training markieren:<\/p>\n\n\n\n<div data-carousel-extra='{\"blog_id\":1,\"permalink\":\"https:\\\/\\\/aotools.weiermanns.de\\\/aotools\\\/training\\\/\"}' class=\"wp-block-image\"><figure class=\"aligncenter\"><img data-attachment-id=\"410\" data-permalink=\"https:\/\/aotools.weiermanns.de\/aotools\/training\/train_hilf1\/#main\" data-orig-file=\"https:\/\/i0.wp.com\/aotools.weiermanns.de\/aotools\/wp-content\/uploads\/2019\/06\/train_hilf1.gif?fit=246%2C205&amp;ssl=1\" data-orig-size=\"246,205\" data-comments-opened=\"0\" data-image-meta=\"{&quot;aperture&quot;:&quot;0&quot;,&quot;credit&quot;:&quot;&quot;,&quot;camera&quot;:&quot;&quot;,&quot;caption&quot;:&quot;&quot;,&quot;created_timestamp&quot;:&quot;0&quot;,&quot;copyright&quot;:&quot;&quot;,&quot;focal_length&quot;:&quot;0&quot;,&quot;iso&quot;:&quot;0&quot;,&quot;shutter_speed&quot;:&quot;0&quot;,&quot;title&quot;:&quot;&quot;,&quot;orientation&quot;:&quot;0&quot;}\" data-image-title=\"train_hilf1\" data-image-description=\"\" data-image-caption=\"\" data-medium-file=\"https:\/\/i0.wp.com\/aotools.weiermanns.de\/aotools\/wp-content\/uploads\/2019\/06\/train_hilf1.gif?fit=246%2C205&amp;ssl=1\" data-large-file=\"https:\/\/i0.wp.com\/aotools.weiermanns.de\/aotools\/wp-content\/uploads\/2019\/06\/train_hilf1.gif?fit=246%2C205&amp;ssl=1\" loading=\"lazy\" width=\"246\" height=\"205\" src=\"https:\/\/i0.wp.com\/aotools.weiermanns.de\/aotools\/wp-content\/uploads\/2019\/06\/train_hilf1.gif?resize=246%2C205\" alt=\"\" class=\"wp-image-410\" data-recalc-dims=\"1\"\/><figcaption>Von Feldspieler &#8211; Durchschnitt bis unten zum letzten Wert alles markieren und STRG+C dr\u00fccken<\/figcaption><\/figure><\/div>\n\n\n\n<p>Oder du gehst in ein Spielerprofil und markierst ab dem Namen des Spielers alles bis zur letzten Gesamtsumme:<\/p>\n\n\n\n<figure class=\"wp-block-image\"><img data-attachment-id=\"411\" data-permalink=\"https:\/\/aotools.weiermanns.de\/aotools\/training\/train_hilf2\/#main\" data-orig-file=\"https:\/\/i0.wp.com\/aotools.weiermanns.de\/aotools\/wp-content\/uploads\/2019\/06\/train_hilf2.gif?fit=625%2C611&amp;ssl=1\" data-orig-size=\"625,611\" data-comments-opened=\"0\" data-image-meta=\"{&quot;aperture&quot;:&quot;0&quot;,&quot;credit&quot;:&quot;&quot;,&quot;camera&quot;:&quot;&quot;,&quot;caption&quot;:&quot;&quot;,&quot;created_timestamp&quot;:&quot;0&quot;,&quot;copyright&quot;:&quot;&quot;,&quot;focal_length&quot;:&quot;0&quot;,&quot;iso&quot;:&quot;0&quot;,&quot;shutter_speed&quot;:&quot;0&quot;,&quot;title&quot;:&quot;&quot;,&quot;orientation&quot;:&quot;0&quot;}\" data-image-title=\"train_hilf2\" data-image-description=\"\" data-image-caption=\"\" data-medium-file=\"https:\/\/i0.wp.com\/aotools.weiermanns.de\/aotools\/wp-content\/uploads\/2019\/06\/train_hilf2.gif?fit=300%2C293&amp;ssl=1\" data-large-file=\"https:\/\/i0.wp.com\/aotools.weiermanns.de\/aotools\/wp-content\/uploads\/2019\/06\/train_hilf2.gif?fit=625%2C611&amp;ssl=1\" loading=\"lazy\" width=\"625\" height=\"611\" src=\"https:\/\/i0.wp.com\/aotools.weiermanns.de\/aotools\/wp-content\/uploads\/2019\/06\/train_hilf2.gif?resize=625%2C611\" alt=\"\" class=\"wp-image-411\" data-recalc-dims=\"1\"\/><figcaption>Ebenfalls nach der Markierung STRG+C dr\u00fccken<\/figcaption><\/figure>\n\n\n\n<p>Dann geht ihr auf AOTools und tragt eure Trainingswerte ein. Mit Firefox funktioniert es einwandfrei. Auch andere Browser gehen. Mit dem IE geht es jedoch leider nicht.<\/p>\n<div class=\"sharedaddy sd-sharing-enabled\"><div class=\"robots-nocontent sd-block sd-social sd-social-icon sd-sharing\"><h3 class=\"sd-title\">Teilen mit:<\/h3><div class=\"sd-content\"><ul><li class=\"share-twitter\"><a rel=\"nofollow noopener noreferrer\" data-shared=\"sharing-twitter-236\" class=\"share-twitter sd-button share-icon no-text\" href=\"https:\/\/aotools.weiermanns.de\/aotools\/training\/?share=twitter\" target=\"_blank\" title=\"Klick, um \u00fcber Twitter zu teilen\"><span><\/span><span class=\"sharing-screen-reader-text\">Klick, um \u00fcber Twitter zu teilen (Wird in neuem Fenster ge\u00f6ffnet)<\/span><\/a><\/li><li class=\"share-facebook\"><a rel=\"nofollow noopener noreferrer\" data-shared=\"sharing-facebook-236\" class=\"share-facebook sd-button share-icon no-text\" href=\"https:\/\/aotools.weiermanns.de\/aotools\/training\/?share=facebook\" target=\"_blank\" title=\"Klick, um auf Facebook zu teilen\"><span><\/span><span class=\"sharing-screen-reader-text\">Klick, um auf Facebook zu teilen (Wird in neuem Fenster ge\u00f6ffnet)<\/span><\/a><\/li><li class=\"share-jetpack-whatsapp\"><a rel=\"nofollow noopener noreferrer\" data-shared=\"\" class=\"share-jetpack-whatsapp sd-button share-icon no-text\" href=\"https:\/\/aotools.weiermanns.de\/aotools\/training\/?share=jetpack-whatsapp\" target=\"_blank\" title=\"Klicken, um auf WhatsApp zu teilen\"><span><\/span><span class=\"sharing-screen-reader-text\">Klicken, um auf WhatsApp zu teilen (Wird in neuem Fenster ge\u00f6ffnet)<\/span><\/a><\/li><li class=\"share-end\"><\/li><\/ul><\/div><\/div><\/div>","protected":false},"excerpt":{"rendered":"<p>Wenn du t\u00e4glich deine Trainingswerte auswerten m\u00f6chtest und wissen willst, was es auf Dauer bringt, dann trage einfach deine gesamten Trainingswerte deiner Feldspieler ein oder suche dir Spieler raus die du exakt beobachten m\u00f6chtest. Die Auswahl von Einzelspielern ist meiner Meinung nach Aussagef\u00e4higer in der Analyse. Anbei ein paar Screenshots wie eine Trainingsauswertung aussehen k\u00f6nnte: [&hellip;]<\/p>\n<div class=\"sharedaddy sd-sharing-enabled\"><div class=\"robots-nocontent sd-block sd-social sd-social-icon sd-sharing\"><h3 class=\"sd-title\">Teilen mit:<\/h3><div class=\"sd-content\"><ul><li class=\"share-twitter\"><a rel=\"nofollow noopener noreferrer\" data-shared=\"sharing-twitter-236\" class=\"share-twitter sd-button share-icon no-text\" href=\"https:\/\/aotools.weiermanns.de\/aotools\/training\/?share=twitter\" target=\"_blank\" title=\"Klick, um \u00fcber Twitter zu teilen\"><span><\/span><span class=\"sharing-screen-reader-text\">Klick, um \u00fcber Twitter zu teilen (Wird in neuem Fenster ge\u00f6ffnet)<\/span><\/a><\/li><li class=\"share-facebook\"><a rel=\"nofollow noopener noreferrer\" data-shared=\"sharing-facebook-236\" class=\"share-facebook sd-button share-icon no-text\" href=\"https:\/\/aotools.weiermanns.de\/aotools\/training\/?share=facebook\" target=\"_blank\" title=\"Klick, um auf Facebook zu teilen\"><span><\/span><span class=\"sharing-screen-reader-text\">Klick, um auf Facebook zu teilen (Wird in neuem Fenster ge\u00f6ffnet)<\/span><\/a><\/li><li class=\"share-jetpack-whatsapp\"><a rel=\"nofollow noopener noreferrer\" data-shared=\"\" class=\"share-jetpack-whatsapp sd-button share-icon no-text\" href=\"https:\/\/aotools.weiermanns.de\/aotools\/training\/?share=jetpack-whatsapp\" target=\"_blank\" title=\"Klicken, um auf WhatsApp zu teilen\"><span><\/span><span class=\"sharing-screen-reader-text\">Klicken, um auf WhatsApp zu teilen (Wird in neuem Fenster ge\u00f6ffnet)<\/span><\/a><\/li><li class=\"share-end\"><\/li><\/ul><\/div><\/div><\/div>","protected":false},"author":1,"featured_media":0,"parent":0,"menu_order":0,"comment_status":"closed","ping_status":"closed","template":"","meta":{"episode_type":"","audio_file":"","cover_image":"","cover_image_id":"","duration":"","filesize":"","date_recorded":"","explicit":"","block":"","filesize_raw":"","spay_email":""},"jetpack_sharing_enabled":true,"jetpack_shortlink":"https:\/\/wp.me\/PaNeai-3O","jetpack-related-posts":[{"id":12,"url":"https:\/\/aotools.weiermanns.de\/aotools\/","url_meta":{"origin":236,"position":0},"title":"AOTools","date":"10. M\u00e4rz 2019","format":false,"excerpt":"Willkommen bei der neuen Version von AOTools. Hier findest du einige Gimmicks, Tools und Hilfen rund um das Spiel Anstoss-Online. Du kannst dein Training und deine AAW tracken und verwalten. Deine Finanzen in sch\u00f6ne graphische Auswertungen und Analysen packen als auch die jeweilige Liga in der du spielst etwas netter\u2026","rel":"","context":"\u00c4hnlicher Beitrag","img":{"alt_text":"AOTools","src":"https:\/\/i0.wp.com\/aotools.weiermanns.de\/aotools\/wp-content\/uploads\/2019\/03\/audience-1866738_1920.jpg?fit=1200%2C553&ssl=1&resize=350%2C200","width":350,"height":200},"classes":[]},{"id":260,"url":"https:\/\/aotools.weiermanns.de\/aotools\/training-analyse\/","url_meta":{"origin":236,"position":1},"title":"Training &#8211; Analyse","date":"17. Mai 2019","format":false,"excerpt":"","rel":"","context":"\u00c4hnlicher Beitrag","img":{"alt_text":"","src":"","width":0,"height":0},"classes":[]},{"id":403,"url":"https:\/\/aotools.weiermanns.de\/aotools\/training-anzeige\/","url_meta":{"origin":236,"position":2},"title":"Training Anzeige","date":"31. Mai 2019","format":false,"excerpt":"","rel":"","context":"\u00c4hnlicher Beitrag","img":{"alt_text":"","src":"","width":0,"height":0},"classes":[]},{"id":407,"url":"https:\/\/aotools.weiermanns.de\/aotools\/training-eintragen\/","url_meta":{"origin":236,"position":3},"title":"Training &#8211; Eintragen","date":"1. Juni 2019","format":false,"excerpt":"","rel":"","context":"\u00c4hnlicher Beitrag","img":{"alt_text":"","src":"","width":0,"height":0},"classes":[]},{"id":234,"url":"https:\/\/aotools.weiermanns.de\/aotools\/aaw\/","url_meta":{"origin":236,"position":4},"title":"AAW","date":"17. Mai 2019","format":false,"excerpt":"Mit den AOTools k\u00f6nnt ihr eure AAWs sehr gut verwalten und ihr k\u00f6nnt absch\u00e4tzen wann sich eure Spieler mit Aufwertungen belohnen werden. Daf\u00fcr m\u00fcssen einfach die AAWs eingetragen werden. Dies funktioniert sowohl f\u00fcr die Profis als auch f\u00fcr die Amateure. Anbei eine Beispiel Ansicht aus den AOTools: Daraus ist ersichtlich\u2026","rel":"","context":"\u00c4hnlicher Beitrag","img":{"alt_text":"","src":"https:\/\/i0.wp.com\/aotools.weiermanns.de\/aotools\/wp-content\/uploads\/2019\/06\/aaw_bsp1.gif?resize=350%2C200&ssl=1","width":350,"height":200},"classes":[]},{"id":232,"url":"https:\/\/aotools.weiermanns.de\/aotools\/finanzen\/","url_meta":{"origin":236,"position":5},"title":"Finanzen","date":"17. Mai 2019","format":false,"excerpt":"Ihr k\u00f6nnt indem ihr eure Bilanz aus Anstoss Online importiert einige Auswertungen anfertigen wie sich euer Verein finanziell entwickelt. Daraus kann abgeleitet werden wie viel Geld ihr mit eurem Umfeld macht und wie ggf. die optimalen Eintrittspreise aussehen. Weiterhin sind einige Grafiken vorhanden und eine dynamische Auswertung welches alles ein\u2026","rel":"","context":"\u00c4hnlicher Beitrag","img":{"alt_text":"","src":"https:\/\/i0.wp.com\/aotools.weiermanns.de\/aotools\/wp-content\/uploads\/2019\/05\/Finanz_Bsp2.gif?resize=350%2C200&ssl=1","width":350,"height":200},"classes":[]}],"_links":{"self":[{"href":"https:\/\/aotools.weiermanns.de\/aotools\/wp-json\/wp\/v2\/pages\/236"}],"collection":[{"href":"https:\/\/aotools.weiermanns.de\/aotools\/wp-json\/wp\/v2\/pages"}],"about":[{"href":"https:\/\/aotools.weiermanns.de\/aotools\/wp-json\/wp\/v2\/types\/page"}],"author":[{"embeddable":true,"href":"https:\/\/aotools.weiermanns.de\/aotools\/wp-json\/wp\/v2\/users\/1"}],"replies":[{"embeddable":true,"href":"https:\/\/aotools.weiermanns.de\/aotools\/wp-json\/wp\/v2\/comments?post=236"}],"version-history":[{"count":3,"href":"https:\/\/aotools.weiermanns.de\/aotools\/wp-json\/wp\/v2\/pages\/236\/revisions"}],"predecessor-version":[{"id":423,"href":"https:\/\/aotools.weiermanns.de\/aotools\/wp-json\/wp\/v2\/pages\/236\/revisions\/423"}],"wp:attachment":[{"href":"https:\/\/aotools.weiermanns.de\/aotools\/wp-json\/wp\/v2\/media?parent=236"}],"curies":[{"name":"wp","href":"https:\/\/api.w.org\/{rel}","templated":true}]}}