{"id":234,"date":"2019-05-17T00:27:49","date_gmt":"2019-05-16T22:27:49","guid":{"rendered":"http:\/\/aotools.weiermanns.de\/aotools\/?page_id=234"},"modified":"2019-06-10T11:27:34","modified_gmt":"2019-06-10T09:27:34","slug":"aaw","status":"publish","type":"page","link":"https:\/\/aotools.weiermanns.de\/aotools\/aaw\/","title":{"rendered":"AAW"},"content":{"rendered":"\n<p>Mit den AOTools k\u00f6nnt ihr eure AAWs sehr gut verwalten und ihr k\u00f6nnt absch\u00e4tzen wann sich eure Spieler mit Aufwertungen belohnen werden. Daf\u00fcr m\u00fcssen einfach die AAWs eingetragen werden. Dies funktioniert sowohl f\u00fcr die Profis als auch f\u00fcr die Amateure.<\/p>\n\n\n\n<p>Anbei eine Beispiel Ansicht aus den AOTools:<\/p>\n\n\n\n<figure class=\"wp-block-image\"><img data-attachment-id=\"425\" data-permalink=\"https:\/\/aotools.weiermanns.de\/aotools\/aaw\/aaw_bsp1\/#main\" data-orig-file=\"https:\/\/i0.wp.com\/aotools.weiermanns.de\/aotools\/wp-content\/uploads\/2019\/06\/aaw_bsp1.gif?fit=983%2C363&amp;ssl=1\" data-orig-size=\"983,363\" data-comments-opened=\"0\" data-image-meta=\"{&quot;aperture&quot;:&quot;0&quot;,&quot;credit&quot;:&quot;&quot;,&quot;camera&quot;:&quot;&quot;,&quot;caption&quot;:&quot;&quot;,&quot;created_timestamp&quot;:&quot;0&quot;,&quot;copyright&quot;:&quot;&quot;,&quot;focal_length&quot;:&quot;0&quot;,&quot;iso&quot;:&quot;0&quot;,&quot;shutter_speed&quot;:&quot;0&quot;,&quot;title&quot;:&quot;&quot;,&quot;orientation&quot;:&quot;0&quot;}\" data-image-title=\"aaw_bsp1\" data-image-description=\"\" data-image-caption=\"\" data-medium-file=\"https:\/\/i0.wp.com\/aotools.weiermanns.de\/aotools\/wp-content\/uploads\/2019\/06\/aaw_bsp1.gif?fit=300%2C111&amp;ssl=1\" data-large-file=\"https:\/\/i0.wp.com\/aotools.weiermanns.de\/aotools\/wp-content\/uploads\/2019\/06\/aaw_bsp1.gif?fit=640%2C236&amp;ssl=1\" loading=\"lazy\" width=\"640\" height=\"236\" src=\"https:\/\/i0.wp.com\/aotools.weiermanns.de\/aotools\/wp-content\/uploads\/2019\/06\/aaw_bsp1.gif?resize=640%2C236\" alt=\"\" class=\"wp-image-425\" data-recalc-dims=\"1\"\/><\/figure>\n\n\n\n<p>Daraus ist ersichtlich bei welchem Wert euer Spieler minimal als auch maximal steht.<\/p>\n\n\n\n<p>Um diese Auswertungen zu bekommen m\u00fcsst ihr wie gesagt eure AAWs eintragen. Daf\u00fcr \u00f6ffnet ihr in Anstoss Online eure AAW Seite und markiert alles (angefangen beim TW eures ersten Torwarts bis zur letzten Zahl eures letzten St\u00fcrmers) und dr\u00fcckt dann STRG+C. Danach kopiert ihr es mit STRG+V in die AOTools und speichert.<\/p>\n\n\n\n<p>Bei Transfers k\u00f6nnt ihr auch einfach einzelne Spieler nachtragen in dem ihr aus dem Spielerprofil die AAWs aufruft und ebenfalls alles von Position bis zur neuen St\u00e4rke markiert und mit STRG+C und STRG+V kopiert und in die Tools eintragt.<\/p>\n\n\n\n<p>Komplizierter ist es bei Leihspielern bei denen ihr die Winter-AAW eintragen wollt. Da in den InGame Nachrichten die Formatierung abweichend ist, wird dieses nicht erkannt.<br>Ein Trick ist, einen Spieler aus der eigenen Mannschaft zu nehmen und das Format in die Tools zu kopieren. Dann h\u00e4ndisch einzeln die Werte (also Namen, Alter, St\u00e4rke, Einzelprozente usw.) anpassen und dann eintragen. <\/p>\n\n\n\n<p>Die Jugend-AAW sehen beispielsweise so aus:<\/p>\n\n\n\n<figure class=\"wp-block-image\"><img data-attachment-id=\"431\" data-permalink=\"https:\/\/aotools.weiermanns.de\/aotools\/aaw\/jugend_aaw\/#main\" data-orig-file=\"https:\/\/i0.wp.com\/aotools.weiermanns.de\/aotools\/wp-content\/uploads\/2019\/06\/jugend_aaw.gif?fit=749%2C480&amp;ssl=1\" data-orig-size=\"749,480\" data-comments-opened=\"0\" data-image-meta=\"{&quot;aperture&quot;:&quot;0&quot;,&quot;credit&quot;:&quot;&quot;,&quot;camera&quot;:&quot;&quot;,&quot;caption&quot;:&quot;&quot;,&quot;created_timestamp&quot;:&quot;0&quot;,&quot;copyright&quot;:&quot;&quot;,&quot;focal_length&quot;:&quot;0&quot;,&quot;iso&quot;:&quot;0&quot;,&quot;shutter_speed&quot;:&quot;0&quot;,&quot;title&quot;:&quot;&quot;,&quot;orientation&quot;:&quot;0&quot;}\" data-image-title=\"jugend_aaw\" data-image-description=\"\" data-image-caption=\"\" data-medium-file=\"https:\/\/i0.wp.com\/aotools.weiermanns.de\/aotools\/wp-content\/uploads\/2019\/06\/jugend_aaw.gif?fit=300%2C192&amp;ssl=1\" data-large-file=\"https:\/\/i0.wp.com\/aotools.weiermanns.de\/aotools\/wp-content\/uploads\/2019\/06\/jugend_aaw.gif?fit=640%2C410&amp;ssl=1\" loading=\"lazy\" width=\"640\" height=\"410\" src=\"https:\/\/i0.wp.com\/aotools.weiermanns.de\/aotools\/wp-content\/uploads\/2019\/06\/jugend_aaw.gif?resize=640%2C410\" alt=\"\" class=\"wp-image-431\" data-recalc-dims=\"1\"\/><\/figure>\n\n\n\n<p>Auf- und Abwertungen werden angezeigt und die voraussichtliche Position errechnet.<\/p>\n\n\n\n<p>Um die zu sehen, m\u00fcsst ihr die Jugend-AAW importieren mit STRG+C und STRG+V. Wichtig dabei ist leider, dass der Satz mit der Empfehlung des Trainers gel\u00f6scht werden muss.<\/p>\n\n\n\n<figure class=\"wp-block-image\"><img data-attachment-id=\"434\" data-permalink=\"https:\/\/aotools.weiermanns.de\/aotools\/aaw\/jugend_aaw_hilf1\/#main\" data-orig-file=\"https:\/\/i0.wp.com\/aotools.weiermanns.de\/aotools\/wp-content\/uploads\/2019\/06\/jugend_aaw_hilf1.gif?fit=499%2C425&amp;ssl=1\" data-orig-size=\"499,425\" data-comments-opened=\"0\" data-image-meta=\"{&quot;aperture&quot;:&quot;0&quot;,&quot;credit&quot;:&quot;&quot;,&quot;camera&quot;:&quot;&quot;,&quot;caption&quot;:&quot;&quot;,&quot;created_timestamp&quot;:&quot;0&quot;,&quot;copyright&quot;:&quot;&quot;,&quot;focal_length&quot;:&quot;0&quot;,&quot;iso&quot;:&quot;0&quot;,&quot;shutter_speed&quot;:&quot;0&quot;,&quot;title&quot;:&quot;&quot;,&quot;orientation&quot;:&quot;0&quot;}\" data-image-title=\"jugend_aaw_hilf1\" data-image-description=\"\" data-image-caption=\"\" data-medium-file=\"https:\/\/i0.wp.com\/aotools.weiermanns.de\/aotools\/wp-content\/uploads\/2019\/06\/jugend_aaw_hilf1.gif?fit=300%2C256&amp;ssl=1\" data-large-file=\"https:\/\/i0.wp.com\/aotools.weiermanns.de\/aotools\/wp-content\/uploads\/2019\/06\/jugend_aaw_hilf1.gif?fit=499%2C425&amp;ssl=1\" loading=\"lazy\" width=\"499\" height=\"425\" src=\"https:\/\/i0.wp.com\/aotools.weiermanns.de\/aotools\/wp-content\/uploads\/2019\/06\/jugend_aaw_hilf1.gif?resize=499%2C425\" alt=\"\" class=\"wp-image-434\" data-recalc-dims=\"1\"\/><\/figure>\n<div class=\"sharedaddy sd-sharing-enabled\"><div class=\"robots-nocontent sd-block sd-social sd-social-icon sd-sharing\"><h3 class=\"sd-title\">Teilen mit:<\/h3><div class=\"sd-content\"><ul><li class=\"share-twitter\"><a rel=\"nofollow noopener noreferrer\" data-shared=\"sharing-twitter-234\" class=\"share-twitter sd-button share-icon no-text\" href=\"https:\/\/aotools.weiermanns.de\/aotools\/aaw\/?share=twitter\" target=\"_blank\" title=\"Klick, um \u00fcber Twitter zu teilen\"><span><\/span><span class=\"sharing-screen-reader-text\">Klick, um \u00fcber Twitter zu teilen (Wird in neuem Fenster ge\u00f6ffnet)<\/span><\/a><\/li><li class=\"share-facebook\"><a rel=\"nofollow noopener noreferrer\" data-shared=\"sharing-facebook-234\" class=\"share-facebook sd-button share-icon no-text\" href=\"https:\/\/aotools.weiermanns.de\/aotools\/aaw\/?share=facebook\" target=\"_blank\" title=\"Klick, um auf Facebook zu teilen\"><span><\/span><span class=\"sharing-screen-reader-text\">Klick, um auf Facebook zu teilen (Wird in neuem Fenster ge\u00f6ffnet)<\/span><\/a><\/li><li class=\"share-jetpack-whatsapp\"><a rel=\"nofollow noopener noreferrer\" data-shared=\"\" class=\"share-jetpack-whatsapp sd-button share-icon no-text\" href=\"https:\/\/aotools.weiermanns.de\/aotools\/aaw\/?share=jetpack-whatsapp\" target=\"_blank\" title=\"Klicken, um auf WhatsApp zu teilen\"><span><\/span><span class=\"sharing-screen-reader-text\">Klicken, um auf WhatsApp zu teilen (Wird in neuem Fenster ge\u00f6ffnet)<\/span><\/a><\/li><li class=\"share-end\"><\/li><\/ul><\/div><\/div><\/div>","protected":false},"excerpt":{"rendered":"<p>Mit den AOTools k\u00f6nnt ihr eure AAWs sehr gut verwalten und ihr k\u00f6nnt absch\u00e4tzen wann sich eure Spieler mit Aufwertungen belohnen werden. Daf\u00fcr m\u00fcssen einfach die AAWs eingetragen werden. Dies funktioniert sowohl f\u00fcr die Profis als auch f\u00fcr die Amateure. Anbei eine Beispiel Ansicht aus den AOTools: Daraus ist ersichtlich bei welchem Wert euer Spieler [&hellip;]<\/p>\n<div class=\"sharedaddy sd-sharing-enabled\"><div class=\"robots-nocontent sd-block sd-social sd-social-icon sd-sharing\"><h3 class=\"sd-title\">Teilen mit:<\/h3><div class=\"sd-content\"><ul><li class=\"share-twitter\"><a rel=\"nofollow noopener noreferrer\" data-shared=\"sharing-twitter-234\" class=\"share-twitter sd-button share-icon no-text\" href=\"https:\/\/aotools.weiermanns.de\/aotools\/aaw\/?share=twitter\" target=\"_blank\" title=\"Klick, um \u00fcber Twitter zu teilen\"><span><\/span><span class=\"sharing-screen-reader-text\">Klick, um \u00fcber Twitter zu teilen (Wird in neuem Fenster ge\u00f6ffnet)<\/span><\/a><\/li><li class=\"share-facebook\"><a rel=\"nofollow noopener noreferrer\" data-shared=\"sharing-facebook-234\" class=\"share-facebook sd-button share-icon no-text\" href=\"https:\/\/aotools.weiermanns.de\/aotools\/aaw\/?share=facebook\" target=\"_blank\" title=\"Klick, um auf Facebook zu teilen\"><span><\/span><span class=\"sharing-screen-reader-text\">Klick, um auf Facebook zu teilen (Wird in neuem Fenster ge\u00f6ffnet)<\/span><\/a><\/li><li class=\"share-jetpack-whatsapp\"><a rel=\"nofollow noopener noreferrer\" data-shared=\"\" class=\"share-jetpack-whatsapp sd-button share-icon no-text\" href=\"https:\/\/aotools.weiermanns.de\/aotools\/aaw\/?share=jetpack-whatsapp\" target=\"_blank\" title=\"Klicken, um auf WhatsApp zu teilen\"><span><\/span><span class=\"sharing-screen-reader-text\">Klicken, um auf WhatsApp zu teilen (Wird in neuem Fenster ge\u00f6ffnet)<\/span><\/a><\/li><li class=\"share-end\"><\/li><\/ul><\/div><\/div><\/div>","protected":false},"author":1,"featured_media":0,"parent":0,"menu_order":0,"comment_status":"closed","ping_status":"closed","template":"","meta":{"episode_type":"","audio_file":"","cover_image":"","cover_image_id":"","duration":"","filesize":"","date_recorded":"","explicit":"","block":"","filesize_raw":"","spay_email":""},"jetpack_sharing_enabled":true,"jetpack_shortlink":"https:\/\/wp.me\/PaNeai-3M","jetpack-related-posts":[{"id":232,"url":"https:\/\/aotools.weiermanns.de\/aotools\/finanzen\/","url_meta":{"origin":234,"position":0},"title":"Finanzen","date":"17. Mai 2019","format":false,"excerpt":"Ihr k\u00f6nnt indem ihr eure Bilanz aus Anstoss Online importiert einige Auswertungen anfertigen wie sich euer Verein finanziell entwickelt. Daraus kann abgeleitet werden wie viel Geld ihr mit eurem Umfeld macht und wie ggf. die optimalen Eintrittspreise aussehen. Weiterhin sind einige Grafiken vorhanden und eine dynamische Auswertung welches alles ein\u2026","rel":"","context":"\u00c4hnlicher Beitrag","img":{"alt_text":"","src":"https:\/\/i0.wp.com\/aotools.weiermanns.de\/aotools\/wp-content\/uploads\/2019\/05\/Finanz_Bsp2.gif?resize=350%2C200&ssl=1","width":350,"height":200},"classes":[]},{"id":236,"url":"https:\/\/aotools.weiermanns.de\/aotools\/training\/","url_meta":{"origin":234,"position":1},"title":"Training","date":"17. Mai 2019","format":false,"excerpt":"Wenn du t\u00e4glich deine Trainingswerte auswerten m\u00f6chtest und wissen willst, was es auf Dauer bringt, dann trage einfach deine gesamten Trainingswerte deiner Feldspieler ein oder suche dir Spieler raus die du exakt beobachten m\u00f6chtest. Die Auswahl von Einzelspielern ist meiner Meinung nach Aussagef\u00e4higer in der Analyse. Anbei ein paar Screenshots\u2026","rel":"","context":"\u00c4hnlicher Beitrag","img":{"alt_text":"","src":"https:\/\/i0.wp.com\/aotools.weiermanns.de\/aotools\/wp-content\/uploads\/2019\/06\/train_bsp2.gif?resize=350%2C200&ssl=1","width":350,"height":200},"classes":[]},{"id":12,"url":"https:\/\/aotools.weiermanns.de\/aotools\/","url_meta":{"origin":234,"position":2},"title":"AOTools","date":"10. M\u00e4rz 2019","format":false,"excerpt":"Willkommen bei der neuen Version von AOTools. Hier findest du einige Gimmicks, Tools und Hilfen rund um das Spiel Anstoss-Online. Du kannst dein Training und deine AAW tracken und verwalten. Deine Finanzen in sch\u00f6ne graphische Auswertungen und Analysen packen als auch die jeweilige Liga in der du spielst etwas netter\u2026","rel":"","context":"\u00c4hnlicher Beitrag","img":{"alt_text":"AOTools","src":"https:\/\/i0.wp.com\/aotools.weiermanns.de\/aotools\/wp-content\/uploads\/2019\/03\/audience-1866738_1920.jpg?fit=1200%2C553&ssl=1&resize=350%2C200","width":350,"height":200},"classes":[]},{"id":550,"url":"https:\/\/aotools.weiermanns.de\/aotools\/kickbase-pilsvoegel\/","url_meta":{"origin":234,"position":3},"title":"Kickbase &#8211; Pilsv\u00f6gel","date":"29. Oktober 2020","format":false,"excerpt":"Die Landingpage der Kickbase-Pilsv\u00f6gel-Gruppe. Unseren Podcast findet ihr auf folgenden Medien: Direkt hier auf den Seiten, inkl. Kommentar-Funktionalit\u00e4tOder auf SpotifyOder auf Youtube Wenn ihr Themenw\u00fcnsche oder Anregungen bzw. Kritik am Podcast habt, dann seid ihr herzlich eingeladen die Kommentarfunktionalit\u00e4t dieser Seite zu nutzen. Wir werden versuchen eure W\u00fcnsche oder Fragen\u2026","rel":"","context":"Mit 1 Kommentar","img":{"alt_text":"","src":"","width":0,"height":0},"classes":[]},{"id":494,"url":"https:\/\/aotools.weiermanns.de\/aotools\/verein\/","url_meta":{"origin":234,"position":4},"title":"Verein","date":"16. Juni 2019","format":false,"excerpt":"Hier findet ihr in den Untermen\u00fcs alles zu eurem Verein. Um dieses Feature nutzen zu k\u00f6nnen, m\u00fcsst ihr euch allerdings registrieren oder wenn ihr bereits registriert seit, dann anmelden. Hier geht's direkt zum LogIn\/Registrierung.","rel":"","context":"\u00c4hnlicher Beitrag","img":{"alt_text":"","src":"","width":0,"height":0},"classes":[]},{"id":248,"url":"https:\/\/aotools.weiermanns.de\/aotools\/aaw-profi-overall\/","url_meta":{"origin":234,"position":5},"title":"AAW &#8211; Profi Overall","date":"17. Mai 2019","format":false,"excerpt":"","rel":"","context":"\u00c4hnlicher Beitrag","img":{"alt_text":"","src":"","width":0,"height":0},"classes":[]}],"_links":{"self":[{"href":"https:\/\/aotools.weiermanns.de\/aotools\/wp-json\/wp\/v2\/pages\/234"}],"collection":[{"href":"https:\/\/aotools.weiermanns.de\/aotools\/wp-json\/wp\/v2\/pages"}],"about":[{"href":"https:\/\/aotools.weiermanns.de\/aotools\/wp-json\/wp\/v2\/types\/page"}],"author":[{"embeddable":true,"href":"https:\/\/aotools.weiermanns.de\/aotools\/wp-json\/wp\/v2\/users\/1"}],"replies":[{"embeddable":true,"href":"https:\/\/aotools.weiermanns.de\/aotools\/wp-json\/wp\/v2\/comments?post=234"}],"version-history":[{"count":6,"href":"https:\/\/aotools.weiermanns.de\/aotools\/wp-json\/wp\/v2\/pages\/234\/revisions"}],"predecessor-version":[{"id":435,"href":"https:\/\/aotools.weiermanns.de\/aotools\/wp-json\/wp\/v2\/pages\/234\/revisions\/435"}],"wp:attachment":[{"href":"https:\/\/aotools.weiermanns.de\/aotools\/wp-json\/wp\/v2\/media?parent=234"}],"curies":[{"name":"wp","href":"https:\/\/api.w.org\/{rel}","templated":true}]}}